{"id":242124,"date":"2022-06-15T16:18:49","date_gmt":"2022-06-15T16:18:49","guid":{"rendered":"https:\/\/www.stemarthe-stjean.fr\/college\/?page_id=242124"},"modified":"2022-09-16T13:14:05","modified_gmt":"2022-09-16T13:14:05","slug":"historique","status":"publish","type":"page","link":"https:\/\/www.stemarthe-stjean.fr\/college\/historique","title":{"rendered":"Historique"},"content":{"rendered":"[et_pb_section fb_built=\u00a0\u00bb1&Prime; _builder_version=\u00a0\u00bb4.17.4&Prime; _module_preset=\u00a0\u00bbdefault\u00a0\u00bb background_color=\u00a0\u00bb#0080a7&Prime; background_image=\u00a0\u00bbhttps:\/\/www.stemarthe-stjean.fr\/college\/wp-content\/uploads\/2022\/06\/bg_eld1.jpg\u00a0\u00bb background_size=\u00a0\u00bbinitial\u00a0\u00bb background_position=\u00a0\u00bbbottom_center\u00a0\u00bb custom_padding=\u00a0\u00bb24px||49px||false|false\u00a0\u00bb global_colors_info=\u00a0\u00bb{}\u00a0\u00bb][et_pb_row _builder_version=\u00a0\u00bb4.17.4&Prime; _module_preset=\u00a0\u00bbdefault\u00a0\u00bb width=\u00a0\u00bb100%\u00a0\u00bb max_width=\u00a0\u00bb100%\u00a0\u00bb custom_padding=\u00a0\u00bb22px||22px||true|false\u00a0\u00bb global_colors_info=\u00a0\u00bb{}\u00a0\u00bb][et_pb_column type=\u00a0\u00bb4_4&Prime; _builder_version=\u00a0\u00bb4.17.4&Prime; _module_preset=\u00a0\u00bbdefault\u00a0\u00bb global_colors_info=\u00a0\u00bb{}\u00a0\u00bb][et_pb_text _builder_version=\u00a0\u00bb4.17.4&Prime; _module_preset=\u00a0\u00bbdefault\u00a0\u00bb text_font=\u00a0\u00bb|600|||||||\u00a0\u00bb text_text_color=\u00a0\u00bb#222222&Prime; text_font_size=\u00a0\u00bb36px\u00a0\u00bb header_2_font=\u00a0\u00bbMetropolis-ExtraBold||||||||\u00a0\u00bb header_2_text_color=\u00a0\u00bb#FFFFFF\u00a0\u00bb header_2_font_size=\u00a0\u00bb47px\u00a0\u00bb text_orientation=\u00a0\u00bbcenter\u00a0\u00bb header_2_font_size_tablet=\u00a0\u00bb36px\u00a0\u00bb header_2_font_size_phone=\u00a0\u00bb30px\u00a0\u00bb header_2_font_size_last_edited=\u00a0\u00bbon|phone\u00a0\u00bb global_colors_info=\u00a0\u00bb{}\u00a0\u00bb]\n<h2>Historique du coll\u00e8ge<\/h2>\n[\/et_pb_text][\/et_pb_column][\/et_pb_row][\/et_pb_section][et_pb_section fb_built=\u00a0\u00bb1&Prime; _builder_version=\u00a0\u00bb4.17.4&Prime; _module_preset=\u00a0\u00bbdefault\u00a0\u00bb background_color=\u00a0\u00bb#f3f6fb\u00a0\u00bb use_background_color_gradient=\u00a0\u00bbon\u00a0\u00bb background_color_gradient_stops=\u00a0\u00bb#cfeff8 0%|#f3f6fb 100%\u00a0\u00bb custom_padding=\u00a0\u00bb44px|||||\u00a0\u00bb top_divider_style=\u00a0\u00bbramp\u00a0\u00bb top_divider_color=\u00a0\u00bb#FFFFFF\u00a0\u00bb top_divider_height=\u00a0\u00bb387px\u00a0\u00bb top_divider_flip=\u00a0\u00bbhorizontal|vertical\u00a0\u00bb global_colors_info=\u00a0\u00bb{}\u00a0\u00bb][et_pb_row use_custom_gutter=\u00a0\u00bbon\u00a0\u00bb gutter_width=\u00a0\u00bb2&Prime; _builder_version=\u00a0\u00bb4.17.4&Prime; _module_preset=\u00a0\u00bbdefault\u00a0\u00bb width=\u00a0\u00bb70%\u00a0\u00bb custom_margin=\u00a0\u00bb2%||||false|false\u00a0\u00bb global_colors_info=\u00a0\u00bb{}\u00a0\u00bb][et_pb_column type=\u00a0\u00bb4_4&Prime; _builder_version=\u00a0\u00bb4.17.4&Prime; _module_preset=\u00a0\u00bbdefault\u00a0\u00bb global_colors_info=\u00a0\u00bb{}\u00a0\u00bb][et_pb_gallery gallery_ids=\u00a0\u00bb242133,242233,242234,242235,242236,242237,242238,242240,242241,242242,242243,242244,242245,242246,242247,242248,242250&Prime; posts_number=\u00a0\u00bb17&Prime; orientation=\u00a0\u00bbportrait\u00a0\u00bb show_title_and_caption=\u00a0\u00bboff\u00a0\u00bb show_pagination=\u00a0\u00bboff\u00a0\u00bb zoom_icon_color=\u00a0\u00bb#FFFFFF\u00a0\u00bb hover_overlay_color=\u00a0\u00bbrgba(7,131,166,0.88)\u00a0\u00bb _builder_version=\u00a0\u00bb4.17.4&Prime; _module_preset=\u00a0\u00bbdefault\u00a0\u00bb background_layout=\u00a0\u00bbdark\u00a0\u00bb border_width_all_image=\u00a0\u00bb3px\u00a0\u00bb border_color_all_image=\u00a0\u00bb#0783a6&Prime; global_colors_info=\u00a0\u00bb{}\u00a0\u00bb][\/et_pb_gallery][\/et_pb_column][\/et_pb_row][\/et_pb_section]\n","protected":false},"excerpt":{"rendered":"<p>Historique du coll\u00e8ge<\/p>\n","protected":false},"author":5,"featured_media":0,"parent":0,"menu_order":0,"comment_status":"closed","ping_status":"closed","template":"","meta":{"_et_pb_use_builder":"on","_et_pb_old_content":"","_et_gb_content_width":"","footnotes":""},"class_list":["post-242124","page","type-page","status-publish","hentry"],"yoast_head":"<!-- This site is optimized with the Yoast SEO plugin v27.4 - https:\/\/yoast.com\/product\/yoast-seo-wordpress\/ -->\n<title>Historique - Coll\u00e8ge Sainte Marthe P\u00e9rigueux<\/title>\n<meta name=\"robots\" content=\"index, follow, max-snippet:-1, max-image-preview:large, max-video-preview:-1\" \/>\n<link rel=\"canonical\" href=\"https:\/\/www.stemarthe-stjean.fr\/college\/historique\" \/>\n<meta property=\"og:locale\" content=\"fr_FR\" \/>\n<meta property=\"og:type\" content=\"article\" \/>\n<meta property=\"og:title\" content=\"Historique - Coll\u00e8ge Sainte Marthe P\u00e9rigueux\" \/>\n<meta property=\"og:description\" content=\"Historique du coll\u00e8ge\" \/>\n<meta property=\"og:url\" content=\"https:\/\/www.stemarthe-stjean.fr\/college\/historique\" \/>\n<meta property=\"og:site_name\" content=\"Coll\u00e8ge Sainte Marthe P\u00e9rigueux\" \/>\n<meta property=\"article:modified_time\" content=\"2022-09-16T13:14:05+00:00\" \/>\n<meta name=\"twitter:label1\" content=\"Dur\u00e9e de lecture estim\u00e9e\" \/>\n\t<meta name=\"twitter:data1\" content=\"1 minute\" \/>\n<script type=\"application\/ld+json\" class=\"yoast-schema-graph\">{\"@context\":\"https:\\\/\\\/schema.org\",\"@graph\":[{\"@type\":\"WebPage\",\"@id\":\"https:\\\/\\\/www.stemarthe-stjean.fr\\\/college\\\/historique\",\"url\":\"https:\\\/\\\/www.stemarthe-stjean.fr\\\/college\\\/historique\",\"name\":\"Historique - Coll\u00e8ge Sainte Marthe P\u00e9rigueux\",\"isPartOf\":{\"@id\":\"https:\\\/\\\/www.stemarthe-stjean.fr\\\/college\\\/#website\"},\"datePublished\":\"2022-06-15T16:18:49+00:00\",\"dateModified\":\"2022-09-16T13:14:05+00:00\",\"breadcrumb\":{\"@id\":\"https:\\\/\\\/www.stemarthe-stjean.fr\\\/college\\\/historique#breadcrumb\"},\"inLanguage\":\"fr-FR\",\"potentialAction\":[{\"@type\":\"ReadAction\",\"target\":[\"https:\\\/\\\/www.stemarthe-stjean.fr\\\/college\\\/historique\"]}]},{\"@type\":\"BreadcrumbList\",\"@id\":\"https:\\\/\\\/www.stemarthe-stjean.fr\\\/college\\\/historique#breadcrumb\",\"itemListElement\":[{\"@type\":\"ListItem\",\"position\":1,\"name\":\"Accueil\",\"item\":\"https:\\\/\\\/www.stemarthe-stjean.fr\\\/college\\\/\"},{\"@type\":\"ListItem\",\"position\":2,\"name\":\"Historique\"}]},{\"@type\":\"WebSite\",\"@id\":\"https:\\\/\\\/www.stemarthe-stjean.fr\\\/college\\\/#website\",\"url\":\"https:\\\/\\\/www.stemarthe-stjean.fr\\\/college\\\/\",\"name\":\"Coll\u00e8ge Sainte Marthe P\u00e9rigueux\",\"description\":\"Coll\u00e8ge Sainte Marthe P\u00e9rigueux\",\"publisher\":{\"@id\":\"https:\\\/\\\/www.stemarthe-stjean.fr\\\/college\\\/#organization\"},\"potentialAction\":[{\"@type\":\"SearchAction\",\"target\":{\"@type\":\"EntryPoint\",\"urlTemplate\":\"https:\\\/\\\/www.stemarthe-stjean.fr\\\/college\\\/?s={search_term_string}\"},\"query-input\":{\"@type\":\"PropertyValueSpecification\",\"valueRequired\":true,\"valueName\":\"search_term_string\"}}],\"inLanguage\":\"fr-FR\"},{\"@type\":\"Organization\",\"@id\":\"https:\\\/\\\/www.stemarthe-stjean.fr\\\/college\\\/#organization\",\"name\":\"Coll\u00e8ge Sainte Marthe P\u00e9rigueux\",\"url\":\"https:\\\/\\\/www.stemarthe-stjean.fr\\\/college\\\/\",\"logo\":{\"@type\":\"ImageObject\",\"inLanguage\":\"fr-FR\",\"@id\":\"https:\\\/\\\/www.stemarthe-stjean.fr\\\/college\\\/#\\\/schema\\\/logo\\\/image\\\/\",\"url\":\"https:\\\/\\\/www.stemarthe-stjean.fr\\\/college\\\/wp-content\\\/uploads\\\/2022\\\/06\\\/logo_collge-snt-marthe-1.png\",\"contentUrl\":\"https:\\\/\\\/www.stemarthe-stjean.fr\\\/college\\\/wp-content\\\/uploads\\\/2022\\\/06\\\/logo_collge-snt-marthe-1.png\",\"width\":600,\"height\":300,\"caption\":\"Coll\u00e8ge Sainte Marthe P\u00e9rigueux\"},\"image\":{\"@id\":\"https:\\\/\\\/www.stemarthe-stjean.fr\\\/college\\\/#\\\/schema\\\/logo\\\/image\\\/\"}}]}<\/script>\n<!-- \/ Yoast SEO plugin. -->","yoast_head_json":{"title":"Historique - Coll\u00e8ge Sainte Marthe P\u00e9rigueux","robots":{"index":"index","follow":"follow","max-snippet":"max-snippet:-1","max-image-preview":"max-image-preview:large","max-video-preview":"max-video-preview:-1"},"canonical":"https:\/\/www.stemarthe-stjean.fr\/college\/historique","og_locale":"fr_FR","og_type":"article","og_title":"Historique - Coll\u00e8ge Sainte Marthe P\u00e9rigueux","og_description":"Historique du coll\u00e8ge","og_url":"https:\/\/www.stemarthe-stjean.fr\/college\/historique","og_site_name":"Coll\u00e8ge Sainte Marthe P\u00e9rigueux","article_modified_time":"2022-09-16T13:14:05+00:00","twitter_misc":{"Dur\u00e9e de lecture estim\u00e9e":"1 minute"},"schema":{"@context":"https:\/\/schema.org","@graph":[{"@type":"WebPage","@id":"https:\/\/www.stemarthe-stjean.fr\/college\/historique","url":"https:\/\/www.stemarthe-stjean.fr\/college\/historique","name":"Historique - Coll\u00e8ge Sainte Marthe P\u00e9rigueux","isPartOf":{"@id":"https:\/\/www.stemarthe-stjean.fr\/college\/#website"},"datePublished":"2022-06-15T16:18:49+00:00","dateModified":"2022-09-16T13:14:05+00:00","breadcrumb":{"@id":"https:\/\/www.stemarthe-stjean.fr\/college\/historique#breadcrumb"},"inLanguage":"fr-FR","potentialAction":[{"@type":"ReadAction","target":["https:\/\/www.stemarthe-stjean.fr\/college\/historique"]}]},{"@type":"BreadcrumbList","@id":"https:\/\/www.stemarthe-stjean.fr\/college\/historique#breadcrumb","itemListElement":[{"@type":"ListItem","position":1,"name":"Accueil","item":"https:\/\/www.stemarthe-stjean.fr\/college\/"},{"@type":"ListItem","position":2,"name":"Historique"}]},{"@type":"WebSite","@id":"https:\/\/www.stemarthe-stjean.fr\/college\/#website","url":"https:\/\/www.stemarthe-stjean.fr\/college\/","name":"Coll\u00e8ge Sainte Marthe P\u00e9rigueux","description":"Coll\u00e8ge Sainte Marthe P\u00e9rigueux","publisher":{"@id":"https:\/\/www.stemarthe-stjean.fr\/college\/#organization"},"potentialAction":[{"@type":"SearchAction","target":{"@type":"EntryPoint","urlTemplate":"https:\/\/www.stemarthe-stjean.fr\/college\/?s={search_term_string}"},"query-input":{"@type":"PropertyValueSpecification","valueRequired":true,"valueName":"search_term_string"}}],"inLanguage":"fr-FR"},{"@type":"Organization","@id":"https:\/\/www.stemarthe-stjean.fr\/college\/#organization","name":"Coll\u00e8ge Sainte Marthe P\u00e9rigueux","url":"https:\/\/www.stemarthe-stjean.fr\/college\/","logo":{"@type":"ImageObject","inLanguage":"fr-FR","@id":"https:\/\/www.stemarthe-stjean.fr\/college\/#\/schema\/logo\/image\/","url":"https:\/\/www.stemarthe-stjean.fr\/college\/wp-content\/uploads\/2022\/06\/logo_collge-snt-marthe-1.png","contentUrl":"https:\/\/www.stemarthe-stjean.fr\/college\/wp-content\/uploads\/2022\/06\/logo_collge-snt-marthe-1.png","width":600,"height":300,"caption":"Coll\u00e8ge Sainte Marthe P\u00e9rigueux"},"image":{"@id":"https:\/\/www.stemarthe-stjean.fr\/college\/#\/schema\/logo\/image\/"}}]}},"_links":{"self":[{"href":"https:\/\/www.stemarthe-stjean.fr\/college\/wp-json\/wp\/v2\/pages\/242124","targetHints":{"allow":["GET"]}}],"collection":[{"href":"https:\/\/www.stemarthe-stjean.fr\/college\/wp-json\/wp\/v2\/pages"}],"about":[{"href":"https:\/\/www.stemarthe-stjean.fr\/college\/wp-json\/wp\/v2\/types\/page"}],"author":[{"embeddable":true,"href":"https:\/\/www.stemarthe-stjean.fr\/college\/wp-json\/wp\/v2\/users\/5"}],"replies":[{"embeddable":true,"href":"https:\/\/www.stemarthe-stjean.fr\/college\/wp-json\/wp\/v2\/comments?post=242124"}],"version-history":[{"count":0,"href":"https:\/\/www.stemarthe-stjean.fr\/college\/wp-json\/wp\/v2\/pages\/242124\/revisions"}],"wp:attachment":[{"href":"https:\/\/www.stemarthe-stjean.fr\/college\/wp-json\/wp\/v2\/media?parent=242124"}],"curies":[{"name":"wp","href":"https:\/\/api.w.org\/{rel}","templated":true}]}}