{"id":242257,"date":"2022-06-15T18:00:02","date_gmt":"2022-06-15T18:00:02","guid":{"rendered":"https:\/\/www.stemarthe-stjean.fr\/college\/?page_id=242257"},"modified":"2026-02-04T08:48:13","modified_gmt":"2026-02-04T08:48:13","slug":"agenda-des-conseils","status":"publish","type":"page","link":"https:\/\/www.stemarthe-stjean.fr\/college\/agenda-des-conseils","title":{"rendered":"Agenda des conseils"},"content":{"rendered":"[et_pb_section fb_built=\u00a0\u00bb1&Prime; _builder_version=\u00a0\u00bb4.17.4&Prime; _module_preset=\u00a0\u00bbdefault\u00a0\u00bb background_color=\u00a0\u00bb#0080a7&Prime; background_image=\u00a0\u00bbhttps:\/\/www.stemarthe-stjean.fr\/college\/wp-content\/uploads\/2022\/06\/bg_eld1.jpg\u00a0\u00bb background_size=\u00a0\u00bbinitial\u00a0\u00bb background_position=\u00a0\u00bbbottom_center\u00a0\u00bb custom_padding=\u00a0\u00bb24px||49px||false|false\u00a0\u00bb global_colors_info=\u00a0\u00bb{}\u00a0\u00bb][et_pb_row _builder_version=\u00a0\u00bb4.17.4&Prime; _module_preset=\u00a0\u00bbdefault\u00a0\u00bb width=\u00a0\u00bb100%\u00a0\u00bb max_width=\u00a0\u00bb100%\u00a0\u00bb custom_padding=\u00a0\u00bb22px||22px||true|false\u00a0\u00bb global_colors_info=\u00a0\u00bb{}\u00a0\u00bb][et_pb_column type=\u00a0\u00bb4_4&Prime; _builder_version=\u00a0\u00bb4.17.4&Prime; _module_preset=\u00a0\u00bbdefault\u00a0\u00bb global_colors_info=\u00a0\u00bb{}\u00a0\u00bb][et_pb_text _builder_version=\u00a0\u00bb4.17.4&Prime; _module_preset=\u00a0\u00bbdefault\u00a0\u00bb text_font=\u00a0\u00bb|600|||||||\u00a0\u00bb text_text_color=\u00a0\u00bb#222222&Prime; text_font_size=\u00a0\u00bb36px\u00a0\u00bb header_2_font=\u00a0\u00bbMetropolis-ExtraBold||||||||\u00a0\u00bb header_2_text_color=\u00a0\u00bb#FFFFFF\u00a0\u00bb header_2_font_size=\u00a0\u00bb47px\u00a0\u00bb text_orientation=\u00a0\u00bbcenter\u00a0\u00bb header_2_font_size_tablet=\u00a0\u00bb36px\u00a0\u00bb header_2_font_size_phone=\u00a0\u00bb30px\u00a0\u00bb header_2_font_size_last_edited=\u00a0\u00bbon|phone\u00a0\u00bb global_colors_info=\u00a0\u00bb{}\u00a0\u00bb]\n<h2>Agenda des conseils 2025-2026<\/h2>\n[\/et_pb_text][\/et_pb_column][\/et_pb_row][\/et_pb_section][et_pb_section fb_built=\u00a0\u00bb1&Prime; _builder_version=\u00a0\u00bb4.17.4&Prime; _module_preset=\u00a0\u00bbdefault\u00a0\u00bb background_color=\u00a0\u00bb#f3f6fb\u00a0\u00bb use_background_color_gradient=\u00a0\u00bbon\u00a0\u00bb background_color_gradient_stops=\u00a0\u00bb#cfeff8 0%|#f3f6fb 100%\u00a0\u00bb custom_padding=\u00a0\u00bb39px|||||\u00a0\u00bb top_divider_style=\u00a0\u00bbramp\u00a0\u00bb top_divider_color=\u00a0\u00bb#FFFFFF\u00a0\u00bb top_divider_height=\u00a0\u00bb387px\u00a0\u00bb top_divider_flip=\u00a0\u00bbhorizontal|vertical\u00a0\u00bb global_colors_info=\u00a0\u00bb{}\u00a0\u00bb][et_pb_row use_custom_gutter=\u00a0\u00bbon\u00a0\u00bb gutter_width=\u00a0\u00bb2&Prime; _builder_version=\u00a0\u00bb4.17.4&Prime; _module_preset=\u00a0\u00bbdefault\u00a0\u00bb custom_margin=\u00a0\u00bb2%||||false|false\u00a0\u00bb global_colors_info=\u00a0\u00bb{}\u00a0\u00bb][et_pb_column type=\u00a0\u00bb4_4&Prime; _builder_version=\u00a0\u00bb4.17.4&Prime; _module_preset=\u00a0\u00bbdefault\u00a0\u00bb global_colors_info=\u00a0\u00bb{}\u00a0\u00bb][et_pb_button button_url=\u00a0\u00bbhttps:\/\/www.stemarthe-stjean.fr\/college\/wp-content\/uploads\/2022\/09\/charte-deontologique-des-conseils-de-classe-2022-septembre.pdf\u00a0\u00bb button_text=\u00a0\u00bbCharte des conseils de classe\u00a0\u00bb button_alignment=\u00a0\u00bbcenter\u00a0\u00bb _builder_version=\u00a0\u00bb4.17.4&Prime; _module_preset=\u00a0\u00bbdefault\u00a0\u00bb custom_button=\u00a0\u00bbon\u00a0\u00bb button_text_size=\u00a0\u00bb18px\u00a0\u00bb button_text_color=\u00a0\u00bb#FFFFFF\u00a0\u00bb button_bg_color=\u00a0\u00bb#0080a7&Prime; button_border_color=\u00a0\u00bb#0080a7&Prime; button_border_radius=\u00a0\u00bb30px\u00a0\u00bb button_icon=\u00a0\u00bb&#x69;||divi||400&Prime; button_on_hover=\u00a0\u00bboff\u00a0\u00bb global_colors_info=\u00a0\u00bb{}\u00a0\u00bb][\/et_pb_button][\/et_pb_column][\/et_pb_row][et_pb_row column_structure=\u00a0\u00bb1_3,1_3,1_3&Prime; _builder_version=\u00a0\u00bb4.17.4&Prime; _module_preset=\u00a0\u00bbdefault\u00a0\u00bb global_colors_info=\u00a0\u00bb{}\u00a0\u00bb][et_pb_column type=\u00a0\u00bb1_3&Prime; _builder_version=\u00a0\u00bb4.17.4&Prime; _module_preset=\u00a0\u00bbdefault\u00a0\u00bb custom_padding=\u00a0\u00bb5%||||false|false\u00a0\u00bb global_colors_info=\u00a0\u00bb{}\u00a0\u00bb][et_pb_blurb title=\u00a0\u00bb 1er Trimestre\u00a0\u00bb image=\u00a0\u00bbhttps:\/\/www.stemarthe-stjean.fr\/college\/wp-content\/uploads\/2022\/06\/eld-02.png\u00a0\u00bb icon_placement=\u00a0\u00bbleft\u00a0\u00bb _builder_version=\u00a0\u00bb4.17.4&Prime; _module_preset=\u00a0\u00bbdefault\u00a0\u00bb header_level=\u00a0\u00bbh3&Prime; header_font=\u00a0\u00bbMetropolis-ExtraBold||||||||\u00a0\u00bb header_text_color=\u00a0\u00bb#0783a5&Prime; header_font_size=\u00a0\u00bb26px\u00a0\u00bb body_text_color=\u00a0\u00bb#000000&Prime; global_colors_info=\u00a0\u00bb{}\u00a0\u00bb]\n<p><strong>R\u00e9union parents\/professeurs<\/strong><br \/><div class=\"su-list\" style=\"margin-left:0px\"><span style=\"font-size: 15px;\">* Jeudi 13 novembre 2025 : 16h40 RPP 6\u00b0<br \/><\/span><span style=\"font-size: 15px;\">* lundi 8 d\u00e9cembre 2025 : 16h40 RPP 5\u00b0\/4\u00b0\/3\u00b0<br \/><\/span><span style=\"font-size: 15px;\">* Mardi 6 janvier 2026 : 16h40 RPP 5\u00b0\/4\u00b0\/3\u00b0<\/span><\/div>\n<p><strong>Conseils de classe<br \/><\/strong><span style=\"font-size: 15px;\"><div class=\"su-list\" style=\"margin-left:0px\"><\/span><span style=\"font-size: 15px;\">* Lundi 24 novembre 2025: 16h50 conseil 3A (les \u00e9l\u00e8ves passent devant le conseil) + 18h20 conseil 6A<br \/>* Mardi 25 novembre 2025 : 16h50 conseil 3B (les \u00e9l\u00e8ves passent devant le conseil) + 18h20 conseil 6B<br \/>* Jeudi 27 novembre 2025 : 16h50 conseil 3C (les \u00e9l\u00e8ves passent devant le conseil) + 18h20 conseil 6C<\/span><\/p>\n<p><span style=\"font-size: 15px;\">* Lundi 1 d\u00e9cembre 2025 : 16h50 conseil 4A (les \u00e9l\u00e8ves passent devant le conseil) + 18h20 conseil 5A<br \/>* Mardi 2 d\u00e9cembre 2025 : 16h50 conseil 4B (les \u00e9l\u00e8ves passent devant le conseil) + 18h20 conseil 5C<br \/>* Jeudi 4 d\u00e9cembre 2025 : 16h50 conseil 4C (les \u00e9l\u00e8ves passent devant le conseil) + 18h20 conseil 5B<br \/><\/span><span style=\"font-size: 15px;\"><\/div><\/span><span style=\"font-size: 15px;\"><br \/><\/span><\/p>\n[\/et_pb_blurb][\/et_pb_column][et_pb_column type=\u00a0\u00bb1_3&Prime; _builder_version=\u00a0\u00bb4.17.4&Prime; _module_preset=\u00a0\u00bbdefault\u00a0\u00bb custom_padding=\u00a0\u00bb||||false|false\u00a0\u00bb global_colors_info=\u00a0\u00bb{}\u00a0\u00bb][et_pb_blurb title=\u00a0\u00bb2\u00e8me Trimestre\u00a0\u00bb image=\u00a0\u00bbhttps:\/\/www.stemarthe-stjean.fr\/college\/wp-content\/uploads\/2022\/06\/eld-01.png\u00a0\u00bb icon_placement=\u00a0\u00bbleft\u00a0\u00bb _builder_version=\u00a0\u00bb4.17.4&Prime; _module_preset=\u00a0\u00bbdefault\u00a0\u00bb header_level=\u00a0\u00bbh3&Prime; header_font=\u00a0\u00bbMetropolis-ExtraBold||||||||\u00a0\u00bb header_text_color=\u00a0\u00bb#0783a5&Prime; header_font_size=\u00a0\u00bb26px\u00a0\u00bb body_text_color=\u00a0\u00bb#000000&Prime; global_colors_info=\u00a0\u00bb{}\u00a0\u00bb]\n<p>4<div class=\"su-list\" style=\"margin-left:0px\"><span style=\"font-size: 15px;\">* Jeudi 12 mars 2026 : 16h50 conseil 3A (les \u00e9l\u00e8ves passent devant le conseil) + 18h20 conseil 6B<br \/>* Lundi 16 mars 2026 : 16h50 conseil 3B (les \u00e9l\u00e8ves passent devant le conseil) + 18h20 conseil 6A<br \/>* Mardi 17 mars 2026 : 16h50 conseil 3C (les \u00e9l\u00e8ves passent devant le conseil) + 18h20 conseil 6C<br \/><\/span><\/p>\n<p><span style=\"font-size: 15px;\">* Jeudi 19 mars 2026 : 16h50 conseil 4A (les \u00e9l\u00e8ves passent devant le conseil) + 18h20 conseil 5A<br \/>* Lundi 23 mars 2026 : 16h50 conseil 4B (les \u00e9l\u00e8ves passent devant le conseil) + 18h20 conseil 5C<br \/>* Mardi 24 mars 2026 : 16h50 conseil 4C (les \u00e9l\u00e8ves passent devant le conseil) + 18h20 conseil 5B<br \/><\/span><\/p>\n<\/div>\n[\/et_pb_blurb][\/et_pb_column][et_pb_column type=\u00a0\u00bb1_3&Prime; _builder_version=\u00a0\u00bb4.17.4&Prime; _module_preset=\u00a0\u00bbdefault\u00a0\u00bb custom_padding=\u00a0\u00bb5%||||false|false\u00a0\u00bb global_colors_info=\u00a0\u00bb{}\u00a0\u00bb][et_pb_blurb title=\u00a0\u00bb3\u00e8me Trimestre\u00a0\u00bb image=\u00a0\u00bbhttps:\/\/www.stemarthe-stjean.fr\/college\/wp-content\/uploads\/2022\/06\/eld-03.png\u00a0\u00bb icon_placement=\u00a0\u00bbleft\u00a0\u00bb _builder_version=\u00a0\u00bb4.27.4&Prime; _module_preset=\u00a0\u00bbdefault\u00a0\u00bb header_level=\u00a0\u00bbh3&Prime; header_font=\u00a0\u00bbMetropolis-ExtraBold||||||||\u00a0\u00bb header_text_color=\u00a0\u00bb#0783a5&Prime; header_font_size=\u00a0\u00bb26px\u00a0\u00bb body_text_color=\u00a0\u00bb#000000&Prime; global_colors_info=\u00a0\u00bb{}\u00a0\u00bb]\n<div class=\"su-list\" style=\"margin-left:0px\"><span style=\"font-size: 15px;\">* Jeudi 28 mai 2026 : conseils 3\u00b0 -&gt; 3A \u00e0 16h40 + 3B \u00e0 17h10 + 3C \u00e0 17h40<\/span><\/p>\n<p>* Mardi 17 juin 2026: Conseils 4\u00b0 (16h40 \/ 17h10 \/ 17h40)<br \/>* Jeudi 18 Juin 2026 : conseils 5\u00b0 (16h40 \/ 17h10 \/ 17h40)<br \/>* Lundi 22 juin 2026 : conseils 6\u00b0 (16h40 \/ 17h10 \/ 17h40)<\/p>\n<\/div>\n[\/et_pb_blurb][\/et_pb_column][\/et_pb_row][\/et_pb_section]\n","protected":false},"excerpt":{"rendered":"<p>Agenda des conseils 2025-2026R\u00e9union parents\/professeurs<div class=\"su-list\" style=\"margin-left:0px\">* Jeudi 13 novembre 2025 : 16h40 RPP 6\u00b0* lundi 8 d\u00e9cembre 2025 : 16h40 RPP 5\u00b0\/4\u00b0\/3\u00b0* Mardi 6 janvier 2026 : 16h40 RPP 5\u00b0\/4\u00b0\/3\u00b0<\/div> Conseils de classe<div class=\"su-list\" style=\"margin-left:0px\">* Lundi 24 novembre 2025: 16h50 conseil 3A (les \u00e9l\u00e8ves passent devant le conseil) + 18h20 conseil 6A* Mardi 25 novembre 2025 : 16h50 conseil 3B (les \u00e9l\u00e8ves passent devant le conseil) + 18h20 conseil 6B* Jeudi 27 novembre 2025 : 16h50 conseil 3C (les \u00e9l\u00e8ves passent devant le conseil) + 18h20 conseil 6C * Lundi 1 d\u00e9cembre 2025 : 16h50 conseil 4A (les \u00e9l\u00e8ves passent devant le conseil) + 18h20 conseil 5A* Mardi 2 d\u00e9cembre 2025 : 16h50 conseil 4B (les \u00e9l\u00e8ves passent devant le conseil) + 18h20 conseil 5C* Jeudi 4 d\u00e9cembre 2025 : 16h50 conseil 4C (les \u00e9l\u00e8ves passent devant le conseil) + 18h20 conseil 5B<\/div>4<div class=\"su-list\" style=\"margin-left:0px\"><\/div>* Jeudi 12 mars 2026 : 16h50 conseil 3A (les \u00e9l\u00e8ves passent devant le conseil) + 18h20 conseil 6B* Lundi 16 mars 2026 : 16h50 conseil 3B (les \u00e9l\u00e8ves passent devant le conseil) + 18h20 conseil 6A* Mardi 17 mars 2026 : 16h50 conseil 3C (les \u00e9l\u00e8ves passent devant le conseil) + [&hellip;]<\/p>\n","protected":false},"author":5,"featured_media":0,"parent":0,"menu_order":0,"comment_status":"closed","ping_status":"closed","template":"","meta":{"_et_pb_use_builder":"on","_et_pb_old_content":"","_et_gb_content_width":"","footnotes":""},"class_list":["post-242257","page","type-page","status-publish","hentry"],"yoast_head":"<!-- This site is optimized with the Yoast SEO plugin v27.4 - https:\/\/yoast.com\/product\/yoast-seo-wordpress\/ -->\n<title>Agenda des conseils - Coll\u00e8ge Sainte Marthe P\u00e9rigueux<\/title>\n<meta name=\"robots\" content=\"index, follow, max-snippet:-1, max-image-preview:large, max-video-preview:-1\" \/>\n<link rel=\"canonical\" href=\"https:\/\/www.stemarthe-stjean.fr\/college\/agenda-des-conseils\" \/>\n<meta property=\"og:locale\" content=\"fr_FR\" \/>\n<meta property=\"og:type\" content=\"article\" \/>\n<meta property=\"og:title\" content=\"Agenda des conseils - Coll\u00e8ge Sainte Marthe P\u00e9rigueux\" \/>\n<meta property=\"og:description\" content=\"Agenda des conseils 2025-2026R\u00e9union parents\/professeurs Conseils de classe4* Jeudi 12 mars 2026 : 16h50 conseil 3A (les \u00e9l\u00e8ves passent devant le conseil) + 18h20 conseil 6B* Lundi 16 mars 2026 : 16h50 conseil 3B (les \u00e9l\u00e8ves passent devant le conseil) + 18h20 conseil 6A* Mardi 17 mars 2026 : 16h50 conseil 3C (les \u00e9l\u00e8ves passent devant le conseil) + [&hellip;]\" \/>\n<meta property=\"og:url\" content=\"https:\/\/www.stemarthe-stjean.fr\/college\/agenda-des-conseils\" \/>\n<meta property=\"og:site_name\" content=\"Coll\u00e8ge Sainte Marthe P\u00e9rigueux\" \/>\n<meta property=\"article:modified_time\" content=\"2026-02-04T08:48:13+00:00\" \/>\n<meta name=\"twitter:label1\" content=\"Dur\u00e9e de lecture estim\u00e9e\" \/>\n\t<meta name=\"twitter:data1\" content=\"3 minutes\" \/>\n<script type=\"application\/ld+json\" class=\"yoast-schema-graph\">{\"@context\":\"https:\\\/\\\/schema.org\",\"@graph\":[{\"@type\":\"WebPage\",\"@id\":\"https:\\\/\\\/www.stemarthe-stjean.fr\\\/college\\\/agenda-des-conseils\",\"url\":\"https:\\\/\\\/www.stemarthe-stjean.fr\\\/college\\\/agenda-des-conseils\",\"name\":\"Agenda des conseils - Coll\u00e8ge Sainte Marthe P\u00e9rigueux\",\"isPartOf\":{\"@id\":\"https:\\\/\\\/www.stemarthe-stjean.fr\\\/college\\\/#website\"},\"datePublished\":\"2022-06-15T18:00:02+00:00\",\"dateModified\":\"2026-02-04T08:48:13+00:00\",\"breadcrumb\":{\"@id\":\"https:\\\/\\\/www.stemarthe-stjean.fr\\\/college\\\/agenda-des-conseils#breadcrumb\"},\"inLanguage\":\"fr-FR\",\"potentialAction\":[{\"@type\":\"ReadAction\",\"target\":[\"https:\\\/\\\/www.stemarthe-stjean.fr\\\/college\\\/agenda-des-conseils\"]}]},{\"@type\":\"BreadcrumbList\",\"@id\":\"https:\\\/\\\/www.stemarthe-stjean.fr\\\/college\\\/agenda-des-conseils#breadcrumb\",\"itemListElement\":[{\"@type\":\"ListItem\",\"position\":1,\"name\":\"Accueil\",\"item\":\"https:\\\/\\\/www.stemarthe-stjean.fr\\\/college\\\/\"},{\"@type\":\"ListItem\",\"position\":2,\"name\":\"Agenda des conseils\"}]},{\"@type\":\"WebSite\",\"@id\":\"https:\\\/\\\/www.stemarthe-stjean.fr\\\/college\\\/#website\",\"url\":\"https:\\\/\\\/www.stemarthe-stjean.fr\\\/college\\\/\",\"name\":\"Coll\u00e8ge Sainte Marthe P\u00e9rigueux\",\"description\":\"Coll\u00e8ge Sainte Marthe P\u00e9rigueux\",\"publisher\":{\"@id\":\"https:\\\/\\\/www.stemarthe-stjean.fr\\\/college\\\/#organization\"},\"potentialAction\":[{\"@type\":\"SearchAction\",\"target\":{\"@type\":\"EntryPoint\",\"urlTemplate\":\"https:\\\/\\\/www.stemarthe-stjean.fr\\\/college\\\/?s={search_term_string}\"},\"query-input\":{\"@type\":\"PropertyValueSpecification\",\"valueRequired\":true,\"valueName\":\"search_term_string\"}}],\"inLanguage\":\"fr-FR\"},{\"@type\":\"Organization\",\"@id\":\"https:\\\/\\\/www.stemarthe-stjean.fr\\\/college\\\/#organization\",\"name\":\"Coll\u00e8ge Sainte Marthe P\u00e9rigueux\",\"url\":\"https:\\\/\\\/www.stemarthe-stjean.fr\\\/college\\\/\",\"logo\":{\"@type\":\"ImageObject\",\"inLanguage\":\"fr-FR\",\"@id\":\"https:\\\/\\\/www.stemarthe-stjean.fr\\\/college\\\/#\\\/schema\\\/logo\\\/image\\\/\",\"url\":\"https:\\\/\\\/www.stemarthe-stjean.fr\\\/college\\\/wp-content\\\/uploads\\\/2022\\\/06\\\/logo_collge-snt-marthe-1.png\",\"contentUrl\":\"https:\\\/\\\/www.stemarthe-stjean.fr\\\/college\\\/wp-content\\\/uploads\\\/2022\\\/06\\\/logo_collge-snt-marthe-1.png\",\"width\":600,\"height\":300,\"caption\":\"Coll\u00e8ge Sainte Marthe P\u00e9rigueux\"},\"image\":{\"@id\":\"https:\\\/\\\/www.stemarthe-stjean.fr\\\/college\\\/#\\\/schema\\\/logo\\\/image\\\/\"}}]}<\/script>\n<!-- \/ Yoast SEO plugin. -->","yoast_head_json":{"title":"Agenda des conseils - Coll\u00e8ge Sainte Marthe P\u00e9rigueux","robots":{"index":"index","follow":"follow","max-snippet":"max-snippet:-1","max-image-preview":"max-image-preview:large","max-video-preview":"max-video-preview:-1"},"canonical":"https:\/\/www.stemarthe-stjean.fr\/college\/agenda-des-conseils","og_locale":"fr_FR","og_type":"article","og_title":"Agenda des conseils - Coll\u00e8ge Sainte Marthe P\u00e9rigueux","og_description":"Agenda des conseils 2025-2026R\u00e9union parents\/professeurs Conseils de classe4* Jeudi 12 mars 2026 : 16h50 conseil 3A (les \u00e9l\u00e8ves passent devant le conseil) + 18h20 conseil 6B* Lundi 16 mars 2026 : 16h50 conseil 3B (les \u00e9l\u00e8ves passent devant le conseil) + 18h20 conseil 6A* Mardi 17 mars 2026 : 16h50 conseil 3C (les \u00e9l\u00e8ves passent devant le conseil) + [&hellip;]","og_url":"https:\/\/www.stemarthe-stjean.fr\/college\/agenda-des-conseils","og_site_name":"Coll\u00e8ge Sainte Marthe P\u00e9rigueux","article_modified_time":"2026-02-04T08:48:13+00:00","twitter_misc":{"Dur\u00e9e de lecture estim\u00e9e":"3 minutes"},"schema":{"@context":"https:\/\/schema.org","@graph":[{"@type":"WebPage","@id":"https:\/\/www.stemarthe-stjean.fr\/college\/agenda-des-conseils","url":"https:\/\/www.stemarthe-stjean.fr\/college\/agenda-des-conseils","name":"Agenda des conseils - Coll\u00e8ge Sainte Marthe P\u00e9rigueux","isPartOf":{"@id":"https:\/\/www.stemarthe-stjean.fr\/college\/#website"},"datePublished":"2022-06-15T18:00:02+00:00","dateModified":"2026-02-04T08:48:13+00:00","breadcrumb":{"@id":"https:\/\/www.stemarthe-stjean.fr\/college\/agenda-des-conseils#breadcrumb"},"inLanguage":"fr-FR","potentialAction":[{"@type":"ReadAction","target":["https:\/\/www.stemarthe-stjean.fr\/college\/agenda-des-conseils"]}]},{"@type":"BreadcrumbList","@id":"https:\/\/www.stemarthe-stjean.fr\/college\/agenda-des-conseils#breadcrumb","itemListElement":[{"@type":"ListItem","position":1,"name":"Accueil","item":"https:\/\/www.stemarthe-stjean.fr\/college\/"},{"@type":"ListItem","position":2,"name":"Agenda des conseils"}]},{"@type":"WebSite","@id":"https:\/\/www.stemarthe-stjean.fr\/college\/#website","url":"https:\/\/www.stemarthe-stjean.fr\/college\/","name":"Coll\u00e8ge Sainte Marthe P\u00e9rigueux","description":"Coll\u00e8ge Sainte Marthe P\u00e9rigueux","publisher":{"@id":"https:\/\/www.stemarthe-stjean.fr\/college\/#organization"},"potentialAction":[{"@type":"SearchAction","target":{"@type":"EntryPoint","urlTemplate":"https:\/\/www.stemarthe-stjean.fr\/college\/?s={search_term_string}"},"query-input":{"@type":"PropertyValueSpecification","valueRequired":true,"valueName":"search_term_string"}}],"inLanguage":"fr-FR"},{"@type":"Organization","@id":"https:\/\/www.stemarthe-stjean.fr\/college\/#organization","name":"Coll\u00e8ge Sainte Marthe P\u00e9rigueux","url":"https:\/\/www.stemarthe-stjean.fr\/college\/","logo":{"@type":"ImageObject","inLanguage":"fr-FR","@id":"https:\/\/www.stemarthe-stjean.fr\/college\/#\/schema\/logo\/image\/","url":"https:\/\/www.stemarthe-stjean.fr\/college\/wp-content\/uploads\/2022\/06\/logo_collge-snt-marthe-1.png","contentUrl":"https:\/\/www.stemarthe-stjean.fr\/college\/wp-content\/uploads\/2022\/06\/logo_collge-snt-marthe-1.png","width":600,"height":300,"caption":"Coll\u00e8ge Sainte Marthe P\u00e9rigueux"},"image":{"@id":"https:\/\/www.stemarthe-stjean.fr\/college\/#\/schema\/logo\/image\/"}}]}},"_links":{"self":[{"href":"https:\/\/www.stemarthe-stjean.fr\/college\/wp-json\/wp\/v2\/pages\/242257","targetHints":{"allow":["GET"]}}],"collection":[{"href":"https:\/\/www.stemarthe-stjean.fr\/college\/wp-json\/wp\/v2\/pages"}],"about":[{"href":"https:\/\/www.stemarthe-stjean.fr\/college\/wp-json\/wp\/v2\/types\/page"}],"author":[{"embeddable":true,"href":"https:\/\/www.stemarthe-stjean.fr\/college\/wp-json\/wp\/v2\/users\/5"}],"replies":[{"embeddable":true,"href":"https:\/\/www.stemarthe-stjean.fr\/college\/wp-json\/wp\/v2\/comments?post=242257"}],"version-history":[{"count":20,"href":"https:\/\/www.stemarthe-stjean.fr\/college\/wp-json\/wp\/v2\/pages\/242257\/revisions"}],"predecessor-version":[{"id":246134,"href":"https:\/\/www.stemarthe-stjean.fr\/college\/wp-json\/wp\/v2\/pages\/242257\/revisions\/246134"}],"wp:attachment":[{"href":"https:\/\/www.stemarthe-stjean.fr\/college\/wp-json\/wp\/v2\/media?parent=242257"}],"curies":[{"name":"wp","href":"https:\/\/api.w.org\/{rel}","templated":true}]}}