{"id":243598,"date":"2022-07-04T09:56:59","date_gmt":"2022-07-04T09:56:59","guid":{"rendered":"https:\/\/www.stemarthe-stjean.fr\/college\/?page_id=243598"},"modified":"2026-02-04T09:21:33","modified_gmt":"2026-02-04T09:21:33","slug":"le-reglement","status":"publish","type":"page","link":"https:\/\/www.stemarthe-stjean.fr\/college\/le-reglement","title":{"rendered":"Le r\u00e8glement"},"content":{"rendered":"[et_pb_section fb_built=\u00a0\u00bb1&Prime; _builder_version=\u00a0\u00bb4.17.4&Prime; _module_preset=\u00a0\u00bbdefault\u00a0\u00bb background_color=\u00a0\u00bb#0080a7&Prime; background_image=\u00a0\u00bbhttps:\/\/www.stemarthe-stjean.fr\/college\/wp-content\/uploads\/2022\/06\/bg_eld1.jpg\u00a0\u00bb background_size=\u00a0\u00bbinitial\u00a0\u00bb background_position=\u00a0\u00bbbottom_center\u00a0\u00bb custom_padding=\u00a0\u00bb24px||49px||false|false\u00a0\u00bb global_colors_info=\u00a0\u00bb{}\u00a0\u00bb][et_pb_row _builder_version=\u00a0\u00bb4.17.4&Prime; _module_preset=\u00a0\u00bbdefault\u00a0\u00bb width=\u00a0\u00bb100%\u00a0\u00bb max_width=\u00a0\u00bb100%\u00a0\u00bb custom_padding=\u00a0\u00bb22px||22px||true|false\u00a0\u00bb global_colors_info=\u00a0\u00bb{}\u00a0\u00bb][et_pb_column type=\u00a0\u00bb4_4&Prime; _builder_version=\u00a0\u00bb4.17.4&Prime; _module_preset=\u00a0\u00bbdefault\u00a0\u00bb global_colors_info=\u00a0\u00bb{}\u00a0\u00bb][et_pb_text _builder_version=\u00a0\u00bb4.17.4&Prime; _module_preset=\u00a0\u00bbdefault\u00a0\u00bb text_font=\u00a0\u00bb|600|||||||\u00a0\u00bb text_text_color=\u00a0\u00bb#222222&Prime; text_font_size=\u00a0\u00bb36px\u00a0\u00bb header_2_font=\u00a0\u00bbMetropolis-ExtraBold||||||||\u00a0\u00bb header_2_text_color=\u00a0\u00bb#FFFFFF\u00a0\u00bb header_2_font_size=\u00a0\u00bb47px\u00a0\u00bb text_orientation=\u00a0\u00bbcenter\u00a0\u00bb header_2_font_size_tablet=\u00a0\u00bb36px\u00a0\u00bb header_2_font_size_phone=\u00a0\u00bb30px\u00a0\u00bb header_2_font_size_last_edited=\u00a0\u00bbon|phone\u00a0\u00bb global_colors_info=\u00a0\u00bb{}\u00a0\u00bb]\n<h2>R\u00e8glement int\u00e9rieur du coll\u00e8ge Sainte Marthe<\/h2>\n[\/et_pb_text][\/et_pb_column][\/et_pb_row][\/et_pb_section][et_pb_section fb_built=\u00a0\u00bb1&Prime; _builder_version=\u00a0\u00bb4.17.4&Prime; _module_preset=\u00a0\u00bbdefault\u00a0\u00bb background_color=\u00a0\u00bb#f3f6fb\u00a0\u00bb use_background_color_gradient=\u00a0\u00bbon\u00a0\u00bb background_color_gradient_stops=\u00a0\u00bb#cfeff8 0%|#f3f6fb 17%\u00a0\u00bb custom_padding=\u00a0\u00bb50px|||||\u00a0\u00bb top_divider_style=\u00a0\u00bbramp\u00a0\u00bb top_divider_color=\u00a0\u00bb#FFFFFF\u00a0\u00bb top_divider_height=\u00a0\u00bb158px\u00a0\u00bb top_divider_flip=\u00a0\u00bbvertical|horizontal\u00a0\u00bb global_colors_info=\u00a0\u00bb{}\u00a0\u00bb][et_pb_row _builder_version=\u00a0\u00bb4.17.4&Prime; _module_preset=\u00a0\u00bbdefault\u00a0\u00bb global_colors_info=\u00a0\u00bb{}\u00a0\u00bb][et_pb_column type=\u00a0\u00bb4_4&Prime; _builder_version=\u00a0\u00bb4.17.4&Prime; _module_preset=\u00a0\u00bbdefault\u00a0\u00bb global_colors_info=\u00a0\u00bb{}\u00a0\u00bb][et_pb_text _builder_version=\u00a0\u00bb4.17.4&Prime; _module_preset=\u00a0\u00bbdefault\u00a0\u00bb text_text_color=\u00a0\u00bb#3f3f3f\u00a0\u00bb global_colors_info=\u00a0\u00bb{}\u00a0\u00bb]\n<h2 style=\"text-align: center;\"><strong> Ann\u00e9e scolaire 2025-2026<br \/><\/strong><\/h2>\n<h6 style=\"text-align: center;\"><strong>\u00a0(V10-2026)<\/strong><\/h6>\n[\/et_pb_text][et_pb_button button_url=\u00a0\u00bbhttps:\/\/www.stemarthe-stjean.fr\/college\/wp-content\/uploads\/2026\/02\/REGLEMENT-COLLEGE-2025-2026-V10-2026.pdf\u00a0\u00bb button_text=\u00a0\u00bbCliquez ici pour t\u00e9l\u00e9charger le R\u00e9glement int\u00e9rieur\u00a0\u00bb button_alignment=\u00a0\u00bbcenter\u00a0\u00bb _builder_version=\u00a0\u00bb4.27.4&Prime; _module_preset=\u00a0\u00bbdefault\u00a0\u00bb custom_button=\u00a0\u00bbon\u00a0\u00bb button_text_size=\u00a0\u00bb17px\u00a0\u00bb button_text_color=\u00a0\u00bb#FFFFFF\u00a0\u00bb button_bg_color=\u00a0\u00bb#0C71C3&Prime; button_border_width=\u00a0\u00bb3px\u00a0\u00bb button_border_color=\u00a0\u00bb#FFFFFF\u00a0\u00bb button_border_radius=\u00a0\u00bb30px\u00a0\u00bb button_letter_spacing=\u00a0\u00bb1px\u00a0\u00bb button_use_icon=\u00a0\u00bboff\u00a0\u00bb custom_margin=\u00a0\u00bb|2px|||false|false\u00a0\u00bb custom_margin_tablet=\u00a0\u00bb||3px||false|false\u00a0\u00bb custom_margin_phone=\u00a0\u00bb||3px||false|false\u00a0\u00bb custom_margin_last_edited=\u00a0\u00bboff|desktop\u00a0\u00bb custom_padding=\u00a0\u00bb|85px||85px|false|false\u00a0\u00bb hover_enabled=\u00a0\u00bb0&Prime; global_colors_info=\u00a0\u00bb{}\u00a0\u00bb button_letter_spacing__hover_enabled=\u00a0\u00bbon|desktop\u00a0\u00bb button_letter_spacing__hover=\u00a0\u00bb0px\u00a0\u00bb theme_builder_area=\u00a0\u00bbpost_content\u00a0\u00bb button_bg_enable_color=\u00a0\u00bbon\u00a0\u00bb url_new_window=\u00a0\u00bbon\u00a0\u00bb sticky_enabled=\u00a0\u00bb0&Prime;][\/et_pb_button][\/et_pb_column][\/et_pb_row][\/et_pb_section]\n","protected":false},"excerpt":{"rendered":"<p>R\u00e8glement int\u00e9rieur du coll\u00e8ge Sainte Marthe Ann\u00e9e scolaire 2025-2026 \u00a0(V10-2026)<\/p>\n","protected":false},"author":5,"featured_media":0,"parent":0,"menu_order":0,"comment_status":"closed","ping_status":"closed","template":"","meta":{"_et_pb_use_builder":"on","_et_pb_old_content":"","_et_gb_content_width":"","footnotes":""},"class_list":["post-243598","page","type-page","status-publish","hentry"],"yoast_head":"<!-- This site is optimized with the Yoast SEO plugin v27.4 - https:\/\/yoast.com\/product\/yoast-seo-wordpress\/ -->\n<title>Le r\u00e8glement - Coll\u00e8ge Sainte Marthe P\u00e9rigueux<\/title>\n<meta name=\"robots\" content=\"index, follow, max-snippet:-1, max-image-preview:large, max-video-preview:-1\" \/>\n<link rel=\"canonical\" href=\"https:\/\/www.stemarthe-stjean.fr\/college\/le-reglement\" \/>\n<meta property=\"og:locale\" content=\"fr_FR\" \/>\n<meta property=\"og:type\" content=\"article\" \/>\n<meta property=\"og:title\" content=\"Le r\u00e8glement - Coll\u00e8ge Sainte Marthe P\u00e9rigueux\" \/>\n<meta property=\"og:description\" content=\"R\u00e8glement int\u00e9rieur du coll\u00e8ge Sainte Marthe Ann\u00e9e scolaire 2025-2026 \u00a0(V10-2026)\" \/>\n<meta property=\"og:url\" content=\"https:\/\/www.stemarthe-stjean.fr\/college\/le-reglement\" \/>\n<meta property=\"og:site_name\" content=\"Coll\u00e8ge Sainte Marthe P\u00e9rigueux\" \/>\n<meta property=\"article:modified_time\" content=\"2026-02-04T09:21:33+00:00\" \/>\n<meta name=\"twitter:label1\" content=\"Dur\u00e9e de lecture estim\u00e9e\" \/>\n\t<meta name=\"twitter:data1\" content=\"19 minutes\" \/>\n<script type=\"application\/ld+json\" class=\"yoast-schema-graph\">{\"@context\":\"https:\\\/\\\/schema.org\",\"@graph\":[{\"@type\":\"WebPage\",\"@id\":\"https:\\\/\\\/www.stemarthe-stjean.fr\\\/college\\\/le-reglement\",\"url\":\"https:\\\/\\\/www.stemarthe-stjean.fr\\\/college\\\/le-reglement\",\"name\":\"Le r\u00e8glement - Coll\u00e8ge Sainte Marthe P\u00e9rigueux\",\"isPartOf\":{\"@id\":\"https:\\\/\\\/www.stemarthe-stjean.fr\\\/college\\\/#website\"},\"datePublished\":\"2022-07-04T09:56:59+00:00\",\"dateModified\":\"2026-02-04T09:21:33+00:00\",\"breadcrumb\":{\"@id\":\"https:\\\/\\\/www.stemarthe-stjean.fr\\\/college\\\/le-reglement#breadcrumb\"},\"inLanguage\":\"fr-FR\",\"potentialAction\":[{\"@type\":\"ReadAction\",\"target\":[\"https:\\\/\\\/www.stemarthe-stjean.fr\\\/college\\\/le-reglement\"]}]},{\"@type\":\"BreadcrumbList\",\"@id\":\"https:\\\/\\\/www.stemarthe-stjean.fr\\\/college\\\/le-reglement#breadcrumb\",\"itemListElement\":[{\"@type\":\"ListItem\",\"position\":1,\"name\":\"Accueil\",\"item\":\"https:\\\/\\\/www.stemarthe-stjean.fr\\\/college\\\/\"},{\"@type\":\"ListItem\",\"position\":2,\"name\":\"Le r\u00e8glement\"}]},{\"@type\":\"WebSite\",\"@id\":\"https:\\\/\\\/www.stemarthe-stjean.fr\\\/college\\\/#website\",\"url\":\"https:\\\/\\\/www.stemarthe-stjean.fr\\\/college\\\/\",\"name\":\"Coll\u00e8ge Sainte Marthe P\u00e9rigueux\",\"description\":\"Coll\u00e8ge Sainte Marthe P\u00e9rigueux\",\"publisher\":{\"@id\":\"https:\\\/\\\/www.stemarthe-stjean.fr\\\/college\\\/#organization\"},\"potentialAction\":[{\"@type\":\"SearchAction\",\"target\":{\"@type\":\"EntryPoint\",\"urlTemplate\":\"https:\\\/\\\/www.stemarthe-stjean.fr\\\/college\\\/?s={search_term_string}\"},\"query-input\":{\"@type\":\"PropertyValueSpecification\",\"valueRequired\":true,\"valueName\":\"search_term_string\"}}],\"inLanguage\":\"fr-FR\"},{\"@type\":\"Organization\",\"@id\":\"https:\\\/\\\/www.stemarthe-stjean.fr\\\/college\\\/#organization\",\"name\":\"Coll\u00e8ge Sainte Marthe P\u00e9rigueux\",\"url\":\"https:\\\/\\\/www.stemarthe-stjean.fr\\\/college\\\/\",\"logo\":{\"@type\":\"ImageObject\",\"inLanguage\":\"fr-FR\",\"@id\":\"https:\\\/\\\/www.stemarthe-stjean.fr\\\/college\\\/#\\\/schema\\\/logo\\\/image\\\/\",\"url\":\"https:\\\/\\\/www.stemarthe-stjean.fr\\\/college\\\/wp-content\\\/uploads\\\/2022\\\/06\\\/logo_collge-snt-marthe-1.png\",\"contentUrl\":\"https:\\\/\\\/www.stemarthe-stjean.fr\\\/college\\\/wp-content\\\/uploads\\\/2022\\\/06\\\/logo_collge-snt-marthe-1.png\",\"width\":600,\"height\":300,\"caption\":\"Coll\u00e8ge Sainte Marthe P\u00e9rigueux\"},\"image\":{\"@id\":\"https:\\\/\\\/www.stemarthe-stjean.fr\\\/college\\\/#\\\/schema\\\/logo\\\/image\\\/\"}}]}<\/script>\n<!-- \/ Yoast SEO plugin. -->","yoast_head_json":{"title":"Le r\u00e8glement - Coll\u00e8ge Sainte Marthe P\u00e9rigueux","robots":{"index":"index","follow":"follow","max-snippet":"max-snippet:-1","max-image-preview":"max-image-preview:large","max-video-preview":"max-video-preview:-1"},"canonical":"https:\/\/www.stemarthe-stjean.fr\/college\/le-reglement","og_locale":"fr_FR","og_type":"article","og_title":"Le r\u00e8glement - Coll\u00e8ge Sainte Marthe P\u00e9rigueux","og_description":"R\u00e8glement int\u00e9rieur du coll\u00e8ge Sainte Marthe Ann\u00e9e scolaire 2025-2026 \u00a0(V10-2026)","og_url":"https:\/\/www.stemarthe-stjean.fr\/college\/le-reglement","og_site_name":"Coll\u00e8ge Sainte Marthe P\u00e9rigueux","article_modified_time":"2026-02-04T09:21:33+00:00","twitter_misc":{"Dur\u00e9e de lecture estim\u00e9e":"19 minutes"},"schema":{"@context":"https:\/\/schema.org","@graph":[{"@type":"WebPage","@id":"https:\/\/www.stemarthe-stjean.fr\/college\/le-reglement","url":"https:\/\/www.stemarthe-stjean.fr\/college\/le-reglement","name":"Le r\u00e8glement - Coll\u00e8ge Sainte Marthe P\u00e9rigueux","isPartOf":{"@id":"https:\/\/www.stemarthe-stjean.fr\/college\/#website"},"datePublished":"2022-07-04T09:56:59+00:00","dateModified":"2026-02-04T09:21:33+00:00","breadcrumb":{"@id":"https:\/\/www.stemarthe-stjean.fr\/college\/le-reglement#breadcrumb"},"inLanguage":"fr-FR","potentialAction":[{"@type":"ReadAction","target":["https:\/\/www.stemarthe-stjean.fr\/college\/le-reglement"]}]},{"@type":"BreadcrumbList","@id":"https:\/\/www.stemarthe-stjean.fr\/college\/le-reglement#breadcrumb","itemListElement":[{"@type":"ListItem","position":1,"name":"Accueil","item":"https:\/\/www.stemarthe-stjean.fr\/college\/"},{"@type":"ListItem","position":2,"name":"Le r\u00e8glement"}]},{"@type":"WebSite","@id":"https:\/\/www.stemarthe-stjean.fr\/college\/#website","url":"https:\/\/www.stemarthe-stjean.fr\/college\/","name":"Coll\u00e8ge Sainte Marthe P\u00e9rigueux","description":"Coll\u00e8ge Sainte Marthe P\u00e9rigueux","publisher":{"@id":"https:\/\/www.stemarthe-stjean.fr\/college\/#organization"},"potentialAction":[{"@type":"SearchAction","target":{"@type":"EntryPoint","urlTemplate":"https:\/\/www.stemarthe-stjean.fr\/college\/?s={search_term_string}"},"query-input":{"@type":"PropertyValueSpecification","valueRequired":true,"valueName":"search_term_string"}}],"inLanguage":"fr-FR"},{"@type":"Organization","@id":"https:\/\/www.stemarthe-stjean.fr\/college\/#organization","name":"Coll\u00e8ge Sainte Marthe P\u00e9rigueux","url":"https:\/\/www.stemarthe-stjean.fr\/college\/","logo":{"@type":"ImageObject","inLanguage":"fr-FR","@id":"https:\/\/www.stemarthe-stjean.fr\/college\/#\/schema\/logo\/image\/","url":"https:\/\/www.stemarthe-stjean.fr\/college\/wp-content\/uploads\/2022\/06\/logo_collge-snt-marthe-1.png","contentUrl":"https:\/\/www.stemarthe-stjean.fr\/college\/wp-content\/uploads\/2022\/06\/logo_collge-snt-marthe-1.png","width":600,"height":300,"caption":"Coll\u00e8ge Sainte Marthe P\u00e9rigueux"},"image":{"@id":"https:\/\/www.stemarthe-stjean.fr\/college\/#\/schema\/logo\/image\/"}}]}},"_links":{"self":[{"href":"https:\/\/www.stemarthe-stjean.fr\/college\/wp-json\/wp\/v2\/pages\/243598","targetHints":{"allow":["GET"]}}],"collection":[{"href":"https:\/\/www.stemarthe-stjean.fr\/college\/wp-json\/wp\/v2\/pages"}],"about":[{"href":"https:\/\/www.stemarthe-stjean.fr\/college\/wp-json\/wp\/v2\/types\/page"}],"author":[{"embeddable":true,"href":"https:\/\/www.stemarthe-stjean.fr\/college\/wp-json\/wp\/v2\/users\/5"}],"replies":[{"embeddable":true,"href":"https:\/\/www.stemarthe-stjean.fr\/college\/wp-json\/wp\/v2\/comments?post=243598"}],"version-history":[{"count":3,"href":"https:\/\/www.stemarthe-stjean.fr\/college\/wp-json\/wp\/v2\/pages\/243598\/revisions"}],"predecessor-version":[{"id":246144,"href":"https:\/\/www.stemarthe-stjean.fr\/college\/wp-json\/wp\/v2\/pages\/243598\/revisions\/246144"}],"wp:attachment":[{"href":"https:\/\/www.stemarthe-stjean.fr\/college\/wp-json\/wp\/v2\/media?parent=243598"}],"curies":[{"name":"wp","href":"https:\/\/api.w.org\/{rel}","templated":true}]}}